{"id":510,"date":"2022-10-13T21:05:22","date_gmt":"2022-10-13T21:05:22","guid":{"rendered":"https:\/\/studiotingocr.com\/?post_type=product&#038;p=510"},"modified":"2022-11-24T01:55:29","modified_gmt":"2022-11-24T01:55:29","slug":"arroyo","status":"publish","type":"product","link":"https:\/\/studiotingocr.com\/es\/producto\/arroyo\/","title":{"rendered":"Arroyo"},"content":{"rendered":"","protected":false},"excerpt":{"rendered":"<p>Bello y organico, el dise\u00f1o Arroyo es una pieza impresionante y vers\u00e1til que puede ser el centro de atenci\u00f3n de cualquier cuarto. Cada tabl\u00f3n de borde vivo va  dividido en cuatro puertas y separadas por acero bellamente acabado.Usted podr\u00e1 escoger el acabado de p\u00e1tina de su elecci\u00f3n de nuestro muestrario y el borde vivo puede hacerse con los tablones disponibles en el estudio. El sobre es confeccionado con madera s\u00f3lida y su borde frontal se mitra con los bordes de las puertas. Las puertas se abren tactilmente as\u00ed que no hay cerrojos visibles. Cada una de las piezas es un ejemplar \u00fanico y diferente, tallado con extremo cuidado. Precio desde los $2,290.<\/p>","protected":false},"featured_media":667,"comment_status":"closed","ping_status":"closed","template":"","meta":{"_joinchat":[]},"product_cat":[21],"product_tag":[],"yoast_head":"<!-- This site is optimized with the Yoast SEO plugin v21.8 - https:\/\/yoast.com\/wordpress\/plugins\/seo\/ -->\n<title>Arroyo - StudioTingo<\/title>\n<meta name=\"robots\" content=\"index, follow, max-snippet:-1, max-image-preview:large, max-video-preview:-1\" \/>\n<link rel=\"canonical\" href=\"https:\/\/studiotingocr.com\/es\/producto\/arroyo\/\" \/>\n<meta property=\"og:locale\" content=\"es_ES\" \/>\n<meta property=\"og:type\" content=\"article\" \/>\n<meta property=\"og:title\" content=\"Arroyo - StudioTingo\" \/>\n<meta property=\"og:description\" content=\"Handsome and organic, our Arroyo is a stunning and versatile piece of art that can be a focal point of almost any room. Each live edge plank, divided into four doors, is parted by beautifully patina-ed steel. You can choose the flavor of patina from any of our samples, and the live edge can be made from any of the available slabs we have at our studio. The top is also made from solid wood, and the front edge seamlessly miters into the tops of the doors. Doors open via touch latch, so there is no visible hardware. Each and every one of these pieces are uniquely individual and crafted with the utmost care.\u00a0 Pricing starting at $2,290.\" \/>\n<meta property=\"og:url\" content=\"https:\/\/studiotingocr.com\/es\/producto\/arroyo\/\" \/>\n<meta property=\"og:site_name\" content=\"StudioTingo\" \/>\n<meta property=\"article:modified_time\" content=\"2022-11-24T01:55:29+00:00\" \/>\n<meta property=\"og:image\" content=\"https:\/\/studiotingocr.com\/wp-content\/uploads\/2022\/10\/arroyo-2.jpg\" \/>\n\t<meta property=\"og:image:width\" content=\"1000\" \/>\n\t<meta property=\"og:image:height\" content=\"1000\" \/>\n\t<meta property=\"og:image:type\" content=\"image\/jpeg\" \/>\n<meta name=\"twitter:card\" content=\"summary_large_image\" \/>\n<script type=\"application\/ld+json\" class=\"yoast-schema-graph\">{\"@context\":\"https:\/\/schema.org\",\"@graph\":[{\"@type\":\"WebPage\",\"@id\":\"https:\/\/studiotingocr.com\/product\/arroyo\/\",\"url\":\"https:\/\/studiotingocr.com\/product\/arroyo\/\",\"name\":\"Arroyo - StudioTingo\",\"isPartOf\":{\"@id\":\"https:\/\/studiotingocr.com\/#website\"},\"datePublished\":\"2022-10-13T21:05:22+00:00\",\"dateModified\":\"2022-11-24T01:55:29+00:00\",\"breadcrumb\":{\"@id\":\"https:\/\/studiotingocr.com\/product\/arroyo\/#breadcrumb\"},\"inLanguage\":\"es-CR\",\"potentialAction\":[{\"@type\":\"ReadAction\",\"target\":[\"https:\/\/studiotingocr.com\/product\/arroyo\/\"]}]},{\"@type\":\"BreadcrumbList\",\"@id\":\"https:\/\/studiotingocr.com\/product\/arroyo\/#breadcrumb\",\"itemListElement\":[{\"@type\":\"ListItem\",\"position\":1,\"name\":\"Home\",\"item\":\"https:\/\/studiotingocr.com\/\"},{\"@type\":\"ListItem\",\"position\":2,\"name\":\"Shop\",\"item\":\"https:\/\/studiotingocr.com\/shop\/\"},{\"@type\":\"ListItem\",\"position\":3,\"name\":\"Arroyo\"}]},{\"@type\":\"WebSite\",\"@id\":\"https:\/\/studiotingocr.com\/#website\",\"url\":\"https:\/\/studiotingocr.com\/\",\"name\":\"StudioTingo\",\"description\":\"\",\"potentialAction\":[{\"@type\":\"SearchAction\",\"target\":{\"@type\":\"EntryPoint\",\"urlTemplate\":\"https:\/\/studiotingocr.com\/?s={search_term_string}\"},\"query-input\":\"required name=search_term_string\"}],\"inLanguage\":\"es-CR\"}]}<\/script>\n<!-- \/ Yoast SEO plugin. -->","yoast_head_json":{"title":"Arroyo - StudioTingo","robots":{"index":"index","follow":"follow","max-snippet":"max-snippet:-1","max-image-preview":"max-image-preview:large","max-video-preview":"max-video-preview:-1"},"canonical":"https:\/\/studiotingocr.com\/es\/producto\/arroyo\/","og_locale":"es_ES","og_type":"article","og_title":"Arroyo - StudioTingo","og_description":"Handsome and organic, our Arroyo is a stunning and versatile piece of art that can be a focal point of almost any room. Each live edge plank, divided into four doors, is parted by beautifully patina-ed steel. You can choose the flavor of patina from any of our samples, and the live edge can be made from any of the available slabs we have at our studio. The top is also made from solid wood, and the front edge seamlessly miters into the tops of the doors. Doors open via touch latch, so there is no visible hardware. Each and every one of these pieces are uniquely individual and crafted with the utmost care.\u00a0 Pricing starting at $2,290.","og_url":"https:\/\/studiotingocr.com\/es\/producto\/arroyo\/","og_site_name":"StudioTingo","article_modified_time":"2022-11-24T01:55:29+00:00","og_image":[{"width":1000,"height":1000,"url":"https:\/\/studiotingocr.com\/wp-content\/uploads\/2022\/10\/arroyo-2.jpg","type":"image\/jpeg"}],"twitter_card":"summary_large_image","schema":{"@context":"https:\/\/schema.org","@graph":[{"@type":"WebPage","@id":"https:\/\/studiotingocr.com\/product\/arroyo\/","url":"https:\/\/studiotingocr.com\/product\/arroyo\/","name":"Arroyo - StudioTingo","isPartOf":{"@id":"https:\/\/studiotingocr.com\/#website"},"datePublished":"2022-10-13T21:05:22+00:00","dateModified":"2022-11-24T01:55:29+00:00","breadcrumb":{"@id":"https:\/\/studiotingocr.com\/product\/arroyo\/#breadcrumb"},"inLanguage":"es-CR","potentialAction":[{"@type":"ReadAction","target":["https:\/\/studiotingocr.com\/product\/arroyo\/"]}]},{"@type":"BreadcrumbList","@id":"https:\/\/studiotingocr.com\/product\/arroyo\/#breadcrumb","itemListElement":[{"@type":"ListItem","position":1,"name":"Home","item":"https:\/\/studiotingocr.com\/"},{"@type":"ListItem","position":2,"name":"Shop","item":"https:\/\/studiotingocr.com\/shop\/"},{"@type":"ListItem","position":3,"name":"Arroyo"}]},{"@type":"WebSite","@id":"https:\/\/studiotingocr.com\/#website","url":"https:\/\/studiotingocr.com\/","name":"StudioTingo","description":"","potentialAction":[{"@type":"SearchAction","target":{"@type":"EntryPoint","urlTemplate":"https:\/\/studiotingocr.com\/?s={search_term_string}"},"query-input":"required name=search_term_string"}],"inLanguage":"es-CR"}]}},"_links":{"self":[{"href":"https:\/\/studiotingocr.com\/es\/wp-json\/wp\/v2\/product\/510"}],"collection":[{"href":"https:\/\/studiotingocr.com\/es\/wp-json\/wp\/v2\/product"}],"about":[{"href":"https:\/\/studiotingocr.com\/es\/wp-json\/wp\/v2\/types\/product"}],"replies":[{"embeddable":true,"href":"https:\/\/studiotingocr.com\/es\/wp-json\/wp\/v2\/comments?post=510"}],"wp:featuredmedia":[{"embeddable":true,"href":"https:\/\/studiotingocr.com\/es\/wp-json\/wp\/v2\/media\/667"}],"wp:attachment":[{"href":"https:\/\/studiotingocr.com\/es\/wp-json\/wp\/v2\/media?parent=510"}],"wp:term":[{"taxonomy":"product_cat","embeddable":true,"href":"https:\/\/studiotingocr.com\/es\/wp-json\/wp\/v2\/product_cat?post=510"},{"taxonomy":"product_tag","embeddable":true,"href":"https:\/\/studiotingocr.com\/es\/wp-json\/wp\/v2\/product_tag?post=510"}],"curies":[{"name":"wp","href":"https:\/\/api.w.org\/{rel}","templated":true}]}}