{"id":279,"date":"2022-10-04T18:11:05","date_gmt":"2022-10-04T18:11:05","guid":{"rendered":"https:\/\/studiotingocr.com\/?page_id=279"},"modified":"2023-10-06T21:17:41","modified_gmt":"2023-10-06T21:17:41","slug":"backstage","status":"publish","type":"page","link":"https:\/\/studiotingocr.com\/es\/backstage\/","title":{"rendered":"Entre bastidores"},"content":{"rendered":"<div class=\"wpb-content-wrapper\"><div data-vc-full-width=\"true\" data-vc-full-width-init=\"false\" data-vc-stretch-content=\"true\" class=\"vc_row wpb_row vc_row-fluid vc_custom_1670004574139 vc_row-has-fill vc_row-no-padding bg-overlay\" ><div class=\"wpb_column vc_column_container vc_col-sm-12\"><div class=\"vc_column-inner\" ><div class=\"wpb_wrapper\"><div class=\"vc_row wpb_row vc_inner vc_row-fluid\"><div class=\"wpb_column vc_column_container vc_col-sm-3\"><div class=\"vc_column-inner\" ><div class=\"wpb_wrapper\"><\/div><\/div><\/div><div class=\"wpb_column vc_column_container vc_col-sm-6\"><div class=\"vc_column-inner\" ><div class=\"wpb_wrapper\">\n        <style>\n            .empty-space.es-771142552{ \n                height:120px; \n            }\n                    <\/style>\n\n        <div class=\"empty-space es-771142552\"><\/div>\n        \n        \n        <style>\n            .custom-text.ct-1054685780 .title *, \n            .custom-text.ct-1054685780 .title * a{ \n                 \n                color:#ffffff;                                            }\n            .custom-text.ct-1054685780 .title *:hover, \n            .custom-text.ct-1054685780 .title *:hover a{ \n                            }\n\n            .custom-text.ct-1054685780 .title * a:after{\n                background-color:#ffffff;            }\n            \n            \n            .custom-text.ct-1054685780 .title *{ \n                            } \n           \n        <\/style>\n\n        <div class=\"custom-text ct-1054685780 text-center\">\n            <div class=\"title\"><h1>Entre bastidores<\/h1><\/div>        <\/div>\n        \n        \n        <style>\n            .custom-text.ct-1132043056 .title *, \n            .custom-text.ct-1132043056 .title * a{ \n                 \n                color:#ffffff;                                            }\n            .custom-text.ct-1132043056 .title *:hover, \n            .custom-text.ct-1132043056 .title *:hover a{ \n                            }\n\n            .custom-text.ct-1132043056 .title * a:after{\n                background-color:#ffffff;            }\n            \n            \n            .custom-text.ct-1132043056 .title *{ \n                            } \n           \n        <\/style>\n\n        <div class=\"custom-text ct-1132043056 text-center\">\n            <div class=\"title\"><p>De ni\u00f1o, siempre estaba desarmando cosas para ver como funcionaban, y desde temprana edad tenia una mente creativa.<\/p><\/div>        <\/div>\n        \n        \n        <style>\n            .empty-space.es-756672052{ \n                height:120px; \n            }\n                    <\/style>\n\n        <div class=\"empty-space es-756672052\"><\/div>\n        \n        <\/div><\/div><\/div><div class=\"wpb_column vc_column_container vc_col-sm-3\"><div class=\"vc_column-inner\" ><div class=\"wpb_wrapper\"><\/div><\/div><\/div><\/div><\/div><\/div><\/div><\/div><div class=\"vc_row-full-width vc_clearfix\"><\/div><div data-vc-full-width=\"true\" data-vc-full-width-init=\"false\" class=\"vc_row wpb_row vc_row-fluid vc_row-o-content-middle vc_row-flex\" ><div class=\"wpb_animate_when_almost_visible wpb_fadeInLeft fadeInLeft wpb_column vc_column_container vc_col-sm-12\"><div class=\"vc_column-inner\" ><div class=\"wpb_wrapper\">\n        <style>\n            .empty-space.es-94591471{ \n                height:20px; \n            }\n                    <\/style>\n\n        <div class=\"empty-space es-94591471\"><\/div>\n        \n        \n\t<div class=\"wpb_text_column wpb_content_element\">\n\t\t<div class=\"wpb_wrapper\" >\n\t\t\t<p style=\"text-align: center;\">La mec\u00e1nica de algo ordinario me encantaba, el armar cosas de nuevo a veces era mucho reto  pero igualmente gratificante. Creo que la mayor\u00eda de la gente tiene aunque sea una curiosidad leve de que pasa detr\u00e1s de escenas. Aqu\u00ed, usted puede echar un vistazo a algunos proyectos actuales  que tenemos en producci\u00f3n. Tal vez inclusive vea el suyo!\nSi se pregunta, si de ni\u00f1o volv\u00ed a armar todo de regreso... usted obtendr\u00e1 una respuesta m\u00eda y otra completamente diferente de mi mam\u00e1!<\/p>\n\n\t\t<\/div>\n\t<\/div>\n<div class=\"wpb_gallery wpb_content_element vc_clearfix\" ><div class=\"wpb_wrapper\"><div class=\"wpb_gallery_slides wpb_image_grid\" data-interval=\"3\"><ul class=\"wpb_image_grid_ul\"><li class=\"isotope-item\"><a class=\"\" href=\"https:\/\/studiotingocr.com\/wp-content\/uploads\/2022\/07\/thumbnail_IMG_0194-768x1024.jpg\" data-lightbox=\"lightbox[rel-279-835637753]\"><img decoding=\"async\" class=\"\" src=\"https:\/\/studiotingocr.com\/wp-content\/uploads\/2022\/07\/thumbnail_IMG_0194-394x277.jpg\" width=\"394\" height=\"277\" alt=\"thumbnail_IMG_0194\" title=\"thumbnail_IMG_0194\" loading=\"lazy\" \/><\/a><\/li><li class=\"isotope-item\"><a class=\"\" href=\"https:\/\/studiotingocr.com\/wp-content\/uploads\/2022\/07\/thumbnail_IMG_0187-768x1024.jpg\" data-lightbox=\"lightbox[rel-279-835637753]\"><img decoding=\"async\" class=\"\" src=\"https:\/\/studiotingocr.com\/wp-content\/uploads\/2022\/07\/thumbnail_IMG_0187-394x277.jpg\" width=\"394\" height=\"277\" alt=\"thumbnail_IMG_0187\" title=\"thumbnail_IMG_0187\" loading=\"lazy\" \/><\/a><\/li><li class=\"isotope-item\"><a class=\"\" href=\"https:\/\/studiotingocr.com\/wp-content\/uploads\/2022\/07\/thumbnail_20221115_132311-576x1024.jpg\" data-lightbox=\"lightbox[rel-279-835637753]\"><img decoding=\"async\" class=\"\" src=\"https:\/\/studiotingocr.com\/wp-content\/uploads\/2022\/07\/thumbnail_20221115_132311-394x277.jpg\" width=\"394\" height=\"277\" alt=\"thumbnail_20221115_132311\" title=\"thumbnail_20221115_132311\" loading=\"lazy\" \/><\/a><\/li><li class=\"isotope-item\"><a class=\"\" href=\"https:\/\/studiotingocr.com\/wp-content\/uploads\/2022\/07\/thumbnail_EA58E94A-2292-4E8C-8A28-80DD570E7181-576x1024.jpg\" data-lightbox=\"lightbox[rel-279-835637753]\"><img decoding=\"async\" class=\"\" src=\"https:\/\/studiotingocr.com\/wp-content\/uploads\/2022\/07\/thumbnail_EA58E94A-2292-4E8C-8A28-80DD570E7181-394x277.jpg\" width=\"394\" height=\"277\" alt=\"thumbnail_EA58E94A-2292-4E8C-8A28-80DD570E7181\" title=\"thumbnail_EA58E94A-2292-4E8C-8A28-80DD570E7181\" loading=\"lazy\" \/><\/a><\/li><li class=\"isotope-item\"><a class=\"\" href=\"https:\/\/studiotingocr.com\/wp-content\/uploads\/2022\/07\/thumbnail_C67C6D7D-001B-45D5-BFF9-5C17C4572AF2-576x1024.jpg\" data-lightbox=\"lightbox[rel-279-835637753]\"><img decoding=\"async\" class=\"\" src=\"https:\/\/studiotingocr.com\/wp-content\/uploads\/2022\/07\/thumbnail_C67C6D7D-001B-45D5-BFF9-5C17C4572AF2-394x277.jpg\" width=\"394\" height=\"277\" alt=\"thumbnail_C67C6D7D-001B-45D5-BFF9-5C17C4572AF2\" title=\"thumbnail_C67C6D7D-001B-45D5-BFF9-5C17C4572AF2\" loading=\"lazy\" \/><\/a><\/li><li class=\"isotope-item\"><a class=\"\" href=\"https:\/\/studiotingocr.com\/wp-content\/uploads\/2023\/10\/thumbnail_IMG_0826.jpg\" data-lightbox=\"lightbox[rel-279-835637753]\"><img decoding=\"async\" class=\"\" src=\"https:\/\/studiotingocr.com\/wp-content\/uploads\/2023\/10\/thumbnail_IMG_0826-394x277.jpg\" width=\"394\" height=\"277\" alt=\"thumbnail_IMG_0826\" title=\"thumbnail_IMG_0826\" loading=\"lazy\" \/><\/a><\/li><li class=\"isotope-item\"><a class=\"\" href=\"https:\/\/studiotingocr.com\/wp-content\/uploads\/2023\/10\/thumbnail_IMG_0794.jpg\" data-lightbox=\"lightbox[rel-279-835637753]\"><img decoding=\"async\" class=\"\" src=\"https:\/\/studiotingocr.com\/wp-content\/uploads\/2023\/10\/thumbnail_IMG_0794-394x277.jpg\" width=\"394\" height=\"277\" alt=\"thumbnail_IMG_0794\" title=\"thumbnail_IMG_0794\" loading=\"lazy\" \/><\/a><\/li><li class=\"isotope-item\"><a class=\"\" href=\"https:\/\/studiotingocr.com\/wp-content\/uploads\/2023\/10\/thumbnail_IMG_1022.jpg\" data-lightbox=\"lightbox[rel-279-835637753]\"><img decoding=\"async\" class=\"\" src=\"https:\/\/studiotingocr.com\/wp-content\/uploads\/2023\/10\/thumbnail_IMG_1022-394x277.jpg\" width=\"394\" height=\"277\" alt=\"thumbnail_IMG_1022\" title=\"thumbnail_IMG_1022\" loading=\"lazy\" \/><\/a><\/li><\/ul><\/div><\/div><\/div><\/div><\/div><\/div><\/div><div class=\"vc_row-full-width vc_clearfix\"><\/div><div class=\"vc_row wpb_row vc_row-fluid\" ><div class=\"wpb_animate_when_almost_visible wpb_fadeInDown fadeInDown wpb_column vc_column_container vc_col-sm-12\"><div class=\"vc_column-inner\" ><div class=\"wpb_wrapper\">\n        <style>\n            .empty-space.es-1425624285{ \n                height:30px; \n            }\n                            @media screen and (max-width: 767px) { \n                    .empty-space.es-1425624285{ \n                        height:0px; \n                    } \n                }\n                    <\/style>\n\n        <div class=\"empty-space es-1425624285\"><\/div>\n        \n        \n        <style>\n            .custom-text.ct-1516686473 .title *, \n            .custom-text.ct-1516686473 .title * a{ \n                 \n                                                            }\n            .custom-text.ct-1516686473 .title *:hover, \n            .custom-text.ct-1516686473 .title *:hover a{ \n                            }\n\n            .custom-text.ct-1516686473 .title * a:after{\n                background-color:;            }\n            \n            \n            .custom-text.ct-1516686473 .title *{ \n                            } \n           \n        <\/style>\n\n        <div class=\"custom-text ct-1516686473 text-center\">\n            <div class=\"title\"><h2>Videos<\/h2><\/div>        <\/div>\n        \n        \n        <style>\n            .empty-space.es-1769989817{ \n                height:65px; \n            }\n                            @media screen and (max-width: 767px) { \n                    .empty-space.es-1769989817{ \n                        height:30px; \n                    } \n                }\n                    <\/style>\n\n        <div class=\"empty-space es-1769989817\"><\/div>\n        \n        \n\t<div class=\"wpb_text_column wpb_content_element\">\n\t\t<div class=\"wpb_wrapper\" >\n\t\t\t<p><a href=\"https:\/\/studiotingocr.com\/wp-content\/uploads\/2022\/07\/IMG_1172.mov\">IMG_1172<\/a><a href=\"https:\/\/studiotingocr.com\/wp-content\/uploads\/2022\/07\/IMG_1174-1.mov\">IMG_1174<\/a><a href=\"https:\/\/studiotingocr.com\/wp-content\/uploads\/2022\/07\/IMG_1175.mov\">IMG_1175<\/a><\/p>\n<div style=\"padding: 66.67% 0 0 0; position: relative;\"><iframe style=\"position: absolute; top: 0; left: 0; width: 100%; height: 100%;\" src=\"https:\/\/player.vimeo.com\/video\/96290134?h=9e54344872&amp;autoplay=1&amp;loop=1&amp;title=0&amp;byline=0&amp;portrait=0;muted=1\" frameborder=\"0\" allowfullscreen=\"allowfullscreen\"><\/iframe><\/div>\n\n\t\t<\/div>\n\t<\/div>\n\n        <style>\n            .empty-space.es-366134144{ \n                height:70px; \n            }\n                            @media screen and (max-width: 767px) { \n                    .empty-space.es-366134144{ \n                        height:35px; \n                    } \n                }\n                    <\/style>\n\n        <div class=\"empty-space es-366134144\"><\/div>\n        \n        <\/div><\/div><\/div><\/div>\n<\/div>","protected":false},"excerpt":{"rendered":"BACKSTAGE As a boy, I was always taking things apart to see how they worked, and from a young age I had a creative mind. The mechanics of something ordinary fascinated me, and putting those things back together was at times challenging but equally rewarding. I believe most people have at least a mild curiosity &hellip; <a href=\"https:\/\/studiotingocr.com\/es\/backstage\/\" class=\"more-link\">Continue reading<span class=\"screen-reader-text\"> \"Backstage\"<\/span><\/a>","protected":false},"author":1,"featured_media":746,"parent":0,"menu_order":0,"comment_status":"closed","ping_status":"closed","template":"page-no-breadcrumb.php","meta":{"footnotes":"","_joinchat":[]},"yoast_head":"<!-- This site is optimized with the Yoast SEO plugin v21.8 - https:\/\/yoast.com\/wordpress\/plugins\/seo\/ -->\n<title>Backstage - StudioTingo<\/title>\n<meta name=\"robots\" content=\"index, follow, max-snippet:-1, max-image-preview:large, max-video-preview:-1\" \/>\n<link rel=\"canonical\" href=\"https:\/\/studiotingocr.com\/es\/backstage\/\" \/>\n<meta property=\"og:locale\" content=\"es_ES\" \/>\n<meta property=\"og:type\" content=\"article\" \/>\n<meta property=\"og:title\" content=\"Backstage - StudioTingo\" \/>\n<meta property=\"og:url\" content=\"https:\/\/studiotingocr.com\/es\/backstage\/\" \/>\n<meta property=\"og:site_name\" content=\"StudioTingo\" \/>\n<meta property=\"article:modified_time\" content=\"2023-10-06T21:17:41+00:00\" \/>\n<meta property=\"og:image\" content=\"https:\/\/studiotingocr.com\/wp-content\/uploads\/2022\/07\/thumbnail_20221115_132311.jpg\" \/>\n\t<meta property=\"og:image:width\" content=\"720\" \/>\n\t<meta property=\"og:image:height\" content=\"1280\" \/>\n\t<meta property=\"og:image:type\" content=\"image\/jpeg\" \/>\n<meta name=\"twitter:card\" content=\"summary_large_image\" \/>\n<meta name=\"twitter:label1\" content=\"Est. reading time\" \/>\n\t<meta name=\"twitter:data1\" content=\"2 minutos\" \/>\n<script type=\"application\/ld+json\" class=\"yoast-schema-graph\">{\"@context\":\"https:\/\/schema.org\",\"@graph\":[{\"@type\":\"WebPage\",\"@id\":\"https:\/\/studiotingocr.com\/backstage\/\",\"url\":\"https:\/\/studiotingocr.com\/backstage\/\",\"name\":\"Backstage - StudioTingo\",\"isPartOf\":{\"@id\":\"https:\/\/studiotingocr.com\/#website\"},\"datePublished\":\"2022-10-04T18:11:05+00:00\",\"dateModified\":\"2023-10-06T21:17:41+00:00\",\"breadcrumb\":{\"@id\":\"https:\/\/studiotingocr.com\/backstage\/#breadcrumb\"},\"inLanguage\":\"es-CR\",\"potentialAction\":[{\"@type\":\"ReadAction\",\"target\":[\"https:\/\/studiotingocr.com\/backstage\/\"]}]},{\"@type\":\"BreadcrumbList\",\"@id\":\"https:\/\/studiotingocr.com\/backstage\/#breadcrumb\",\"itemListElement\":[{\"@type\":\"ListItem\",\"position\":1,\"name\":\"Home\",\"item\":\"https:\/\/studiotingocr.com\/\"},{\"@type\":\"ListItem\",\"position\":2,\"name\":\"Backstage\"}]},{\"@type\":\"WebSite\",\"@id\":\"https:\/\/studiotingocr.com\/#website\",\"url\":\"https:\/\/studiotingocr.com\/\",\"name\":\"StudioTingo\",\"description\":\"\",\"potentialAction\":[{\"@type\":\"SearchAction\",\"target\":{\"@type\":\"EntryPoint\",\"urlTemplate\":\"https:\/\/studiotingocr.com\/?s={search_term_string}\"},\"query-input\":\"required name=search_term_string\"}],\"inLanguage\":\"es-CR\"}]}<\/script>\n<!-- \/ Yoast SEO plugin. -->","yoast_head_json":{"title":"Backstage - StudioTingo","robots":{"index":"index","follow":"follow","max-snippet":"max-snippet:-1","max-image-preview":"max-image-preview:large","max-video-preview":"max-video-preview:-1"},"canonical":"https:\/\/studiotingocr.com\/es\/backstage\/","og_locale":"es_ES","og_type":"article","og_title":"Backstage - StudioTingo","og_url":"https:\/\/studiotingocr.com\/es\/backstage\/","og_site_name":"StudioTingo","article_modified_time":"2023-10-06T21:17:41+00:00","og_image":[{"width":720,"height":1280,"url":"https:\/\/studiotingocr.com\/wp-content\/uploads\/2022\/07\/thumbnail_20221115_132311.jpg","type":"image\/jpeg"}],"twitter_card":"summary_large_image","twitter_misc":{"Est. reading time":"2 minutos"},"schema":{"@context":"https:\/\/schema.org","@graph":[{"@type":"WebPage","@id":"https:\/\/studiotingocr.com\/backstage\/","url":"https:\/\/studiotingocr.com\/backstage\/","name":"Backstage - StudioTingo","isPartOf":{"@id":"https:\/\/studiotingocr.com\/#website"},"datePublished":"2022-10-04T18:11:05+00:00","dateModified":"2023-10-06T21:17:41+00:00","breadcrumb":{"@id":"https:\/\/studiotingocr.com\/backstage\/#breadcrumb"},"inLanguage":"es-CR","potentialAction":[{"@type":"ReadAction","target":["https:\/\/studiotingocr.com\/backstage\/"]}]},{"@type":"BreadcrumbList","@id":"https:\/\/studiotingocr.com\/backstage\/#breadcrumb","itemListElement":[{"@type":"ListItem","position":1,"name":"Home","item":"https:\/\/studiotingocr.com\/"},{"@type":"ListItem","position":2,"name":"Backstage"}]},{"@type":"WebSite","@id":"https:\/\/studiotingocr.com\/#website","url":"https:\/\/studiotingocr.com\/","name":"StudioTingo","description":"","potentialAction":[{"@type":"SearchAction","target":{"@type":"EntryPoint","urlTemplate":"https:\/\/studiotingocr.com\/?s={search_term_string}"},"query-input":"required name=search_term_string"}],"inLanguage":"es-CR"}]}},"_links":{"self":[{"href":"https:\/\/studiotingocr.com\/es\/wp-json\/wp\/v2\/pages\/279"}],"collection":[{"href":"https:\/\/studiotingocr.com\/es\/wp-json\/wp\/v2\/pages"}],"about":[{"href":"https:\/\/studiotingocr.com\/es\/wp-json\/wp\/v2\/types\/page"}],"author":[{"embeddable":true,"href":"https:\/\/studiotingocr.com\/es\/wp-json\/wp\/v2\/users\/1"}],"replies":[{"embeddable":true,"href":"https:\/\/studiotingocr.com\/es\/wp-json\/wp\/v2\/comments?post=279"}],"version-history":[{"count":59,"href":"https:\/\/studiotingocr.com\/es\/wp-json\/wp\/v2\/pages\/279\/revisions"}],"predecessor-version":[{"id":840,"href":"https:\/\/studiotingocr.com\/es\/wp-json\/wp\/v2\/pages\/279\/revisions\/840"}],"wp:featuredmedia":[{"embeddable":true,"href":"https:\/\/studiotingocr.com\/es\/wp-json\/wp\/v2\/media\/746"}],"wp:attachment":[{"href":"https:\/\/studiotingocr.com\/es\/wp-json\/wp\/v2\/media?parent=279"}],"curies":[{"name":"wp","href":"https:\/\/api.w.org\/{rel}","templated":true}]}}