{"id":11,"date":"2017-03-31T16:43:03","date_gmt":"2017-03-31T16:43:03","guid":{"rendered":"http:\/\/wordpress-developer.tk\/default\/?page_id=11"},"modified":"2026-01-10T13:03:38","modified_gmt":"2026-01-10T19:03:38","slug":"about-us","status":"publish","type":"page","link":"https:\/\/studiotingocr.com\/es\/about-us\/","title":{"rendered":"Nosotros"},"content":{"rendered":"<div class=\"wpb-content-wrapper\"><div class=\"vc_row wpb_row vc_row-fluid vc_row-o-content-top vc_row-flex\" ><div class=\"wpb_animate_when_almost_visible wpb_fadeInLeft fadeInLeft wpb_column vc_column_container vc_col-sm-7\"><div class=\"vc_column-inner  vc_custom_1666640572921\" ><div class=\"wpb_wrapper\">\n        <style>\n            .custom-text.ct-1295948563 .title *, \n            .custom-text.ct-1295948563 .title * a{ \n                 \n                                                            }\n            .custom-text.ct-1295948563 .title *:hover, \n            .custom-text.ct-1295948563 .title *:hover a{ \n                            }\n\n            .custom-text.ct-1295948563 .title * a:after{\n                background-color:;            }\n            \n            \n            .custom-text.ct-1295948563 .title *{ \n                            } \n           \n        <\/style>\n\n        <div class=\"custom-text ct-1295948563\">\n            <div class=\"title\"><h1>NOSOTROS<\/h1><\/div>        <\/div>\n        \n        \n        <style>\n            .empty-space.es-1986351153{ \n                height:30px; \n            }\n                    <\/style>\n\n        <div class=\"empty-space es-1986351153\"><\/div>\n        \n        \n\t<div class=\"wpb_text_column wpb_content_element\">\n\t\t<div class=\"wpb_wrapper\" >\n\t\t\t<p>My life in the kitchen and bath industry, like many others, began from a need.\u00a0 More than 25 years ago I was a general contractor doing large renovations and new home construction in the US.\u00a0 We often experienced delays and issues with our cabinet providers.\u00a0 To solve this, I decided to open a small cabinet company to design and build kitchens and baths for our projects.\u00a0 Fast-forward two years and we were in such high demand that we opted to close the construction side and moved with rigorous focus into our new 15,000 square foot facility.\u00a0 Since then, my capabilities and knowledge flourished, and as expected, my career followed suit.<\/p>\n<p>It wasn&#8217;t until about 2020 that we seriously considered Costa Rica for our home.\u00a0 My wife and I did some scouting trips, talked with as many people as we could to determine if there was a chance a cabinet company could thrive here.\u00a0 What we saw, was an industry that is years behind the fierce competition in the US in terms of designs, service and products, and providers who were not 100% proactive in making sure their clients were completely supported.\u00a0 It was this realization that spurred us to embark on a mission, to create what is now StudioTingo.\u00a0 To bring a sense of urgency, an insatiable work ethic, elevated design, prompt communications, precision production and best-in-class focus on the client and the project.<\/p>\n\n\t\t<\/div>\n\t<\/div>\n<div class=\"vc_empty_space\"   style=\"height: 40px\"><span class=\"vc_empty_space_inner\"><\/span><\/div><\/div><\/div><\/div><div class=\"wpb_animate_when_almost_visible wpb_fadeInRight fadeInRight wpb_column vc_column_container vc_col-sm-5\"><div class=\"vc_column-inner\" ><div class=\"wpb_wrapper\">\n\t<div  class=\"wpb_single_image wpb_content_element vc_align_left\">\n\t\t\n\t\t<figure class=\"wpb_wrapper vc_figure\">\n\t\t\t<div class=\"vc_single_image-wrapper   vc_box_border_grey\"><img loading=\"lazy\" decoding=\"async\" width=\"1080\" height=\"1080\" src=\"https:\/\/studiotingocr.com\/wp-content\/uploads\/2023\/10\/Bakers-Bay2.jpg\" class=\"vc_single_image-img attachment-full\" alt=\"\" title=\"Bakers Bay2\" srcset=\"https:\/\/studiotingocr.com\/wp-content\/uploads\/2023\/10\/Bakers-Bay2.jpg 1080w, https:\/\/studiotingocr.com\/wp-content\/uploads\/2023\/10\/Bakers-Bay2-300x300.jpg 300w, https:\/\/studiotingocr.com\/wp-content\/uploads\/2023\/10\/Bakers-Bay2-1024x1024.jpg 1024w, https:\/\/studiotingocr.com\/wp-content\/uploads\/2023\/10\/Bakers-Bay2-150x150.jpg 150w, https:\/\/studiotingocr.com\/wp-content\/uploads\/2023\/10\/Bakers-Bay2-768x768.jpg 768w, https:\/\/studiotingocr.com\/wp-content\/uploads\/2023\/10\/Bakers-Bay2-12x12.jpg 12w, https:\/\/studiotingocr.com\/wp-content\/uploads\/2023\/10\/Bakers-Bay2-600x600.jpg 600w, https:\/\/studiotingocr.com\/wp-content\/uploads\/2023\/10\/Bakers-Bay2-363x363.jpg 363w\" sizes=\"(max-width: 709px) 85vw, (max-width: 909px) 67vw, (max-width: 1362px) 62vw, 840px\" \/><\/div>\n\t\t<\/figure>\n\t<\/div>\n\n        <style>\n            .empty-space.es-506078681{ \n                height:90px; \n            }\n                    <\/style>\n\n        <div class=\"empty-space es-506078681\"><\/div>\n        \n        <\/div><\/div><\/div><\/div><div class=\"vc_row wpb_row vc_row-fluid wpb_animate_when_almost_visible wpb_fadeInUp fadeInUp\" ><div class=\"wpb_column vc_column_container vc_col-sm-12\"><div class=\"vc_column-inner move-up\" ><div class=\"wpb_wrapper\">\n\t<div  class=\"wpb_single_image wpb_content_element vc_align_right\">\n\t\t\n\t\t<figure class=\"wpb_wrapper vc_figure\">\n\t\t\t<div class=\"vc_single_image-wrapper   vc_box_border_grey\"><img decoding=\"async\" class=\"vc_single_image-img\" src=\"https:\/\/studiotingocr.com\/wp-content\/uploads\/2023\/10\/57004876_10219162537558518_4351841583646113792_n-500x500.jpg\" width=\"500\" height=\"500\" alt=\"57004876_10219162537558518_4351841583646113792_n\" title=\"57004876_10219162537558518_4351841583646113792_n\" loading=\"lazy\" \/><\/div>\n\t\t<\/figure>\n\t<\/div>\n<\/div><\/div><\/div><\/div><div class=\"vc_row wpb_row vc_row-fluid\" ><div class=\"wpb_column vc_column_container vc_col-sm-12\"><div class=\"vc_column-inner\" ><div class=\"wpb_wrapper\"><div class=\"vc_empty_space\"   style=\"height: 40px\"><span class=\"vc_empty_space_inner\"><\/span><\/div>\n\t<div class=\"wpb_text_column wpb_content_element\">\n\t\t<div class=\"wpb_wrapper\" >\n\t\t\t<p>StudioTingo was created to harness the passions, experiences and talents of our team into one very purpose-driven company that offers exceptional kitchens, baths, closets and fine furniture.<\/p>\n<p>We invite you to experience our capabilities, see projects underway and meet our dedicated staff at our well-equipped and impressively organized facility only a few kilometers from the Guanacaste airport.<\/p>\n\n\t\t<\/div>\n\t<\/div>\n<div class=\"vc_empty_space\"   style=\"height: 40px\"><span class=\"vc_empty_space_inner\"><\/span><\/div><\/div><\/div><\/div><\/div><div data-vc-full-width=\"true\" data-vc-full-width-init=\"false\" class=\"vc_row wpb_row vc_row-fluid vc_custom_1666640756643 vc_row-has-fill vc_row-o-content-middle vc_row-flex parallax\" ><div class=\"wpb_animate_when_almost_visible wpb_fadeInLeft fadeInLeft wpb_column vc_column_container vc_col-sm-6\"><div class=\"vc_column-inner\" ><div class=\"wpb_wrapper\">\n\t<div  class=\"wpb_single_image wpb_content_element vc_align_left\">\n\t\t\n\t\t<figure class=\"wpb_wrapper vc_figure\">\n\t\t\t<div class=\"vc_single_image-wrapper   vc_box_border_grey\"><img loading=\"lazy\" decoding=\"async\" width=\"1280\" height=\"961\" src=\"https:\/\/studiotingocr.com\/wp-content\/uploads\/2022\/07\/thumbnail_image0.jpg\" class=\"vc_single_image-img attachment-full\" alt=\"\" title=\"thumbnail_image0\" srcset=\"https:\/\/studiotingocr.com\/wp-content\/uploads\/2022\/07\/thumbnail_image0.jpg 1280w, https:\/\/studiotingocr.com\/wp-content\/uploads\/2022\/07\/thumbnail_image0-300x225.jpg 300w, https:\/\/studiotingocr.com\/wp-content\/uploads\/2022\/07\/thumbnail_image0-1024x769.jpg 1024w, https:\/\/studiotingocr.com\/wp-content\/uploads\/2022\/07\/thumbnail_image0-768x577.jpg 768w, https:\/\/studiotingocr.com\/wp-content\/uploads\/2022\/07\/thumbnail_image0-16x12.jpg 16w, https:\/\/studiotingocr.com\/wp-content\/uploads\/2022\/07\/thumbnail_image0-1200x901.jpg 1200w, https:\/\/studiotingocr.com\/wp-content\/uploads\/2022\/07\/thumbnail_image0-600x450.jpg 600w, https:\/\/studiotingocr.com\/wp-content\/uploads\/2022\/07\/thumbnail_image0-483x363.jpg 483w\" sizes=\"(max-width: 709px) 85vw, (max-width: 909px) 67vw, (max-width: 1362px) 62vw, 840px\" \/><\/div>\n\t\t<\/figure>\n\t<\/div>\n<\/div><\/div><\/div><div class=\"wpb_animate_when_almost_visible wpb_fadeInRight fadeInRight wpb_column vc_column_container vc_col-sm-6\"><div class=\"vc_column-inner\" ><div class=\"wpb_wrapper\">\n        <style>\n            .custom-text.ct-2123388570 .title *, \n            .custom-text.ct-2123388570 .title * a{ \n                 \n                color:#d9d9d9;                                            }\n            .custom-text.ct-2123388570 .title *:hover, \n            .custom-text.ct-2123388570 .title *:hover a{ \n                            }\n\n            .custom-text.ct-2123388570 .title * a:after{\n                background-color:#d9d9d9;            }\n            \n            \n            .custom-text.ct-2123388570 .title *{ \n                letter-spacing: 2.42px;            } \n           \n        <\/style>\n\n        <div class=\"custom-text ct-2123388570   vc_custom_1667837088258\">\n            <div class=\"title\"><h2>Conozca al Gringo<\/h2><\/div>        <\/div>\n        \n        \n        <style>\n            .custom-text.ct-571096315 .title *, \n            .custom-text.ct-571096315 .title * a{ \n                 \n                color:#ffffff;                                            }\n            .custom-text.ct-571096315 .title *:hover, \n            .custom-text.ct-571096315 .title *:hover a{ \n                            }\n\n            .custom-text.ct-571096315 .title * a:after{\n                background-color:#ffffff;            }\n            \n            \n            .custom-text.ct-571096315 .title *{ \n                            } \n           \n        <\/style>\n\n        <div class=\"custom-text ct-571096315\">\n            <div class=\"title\"><p>StudioTingo es creaci\u00f3n de Stephen Patterson, la parte \"gringa\" de StudioTingo. Su camino hacia Costa Rica empez\u00f3 hace m\u00e1s de 20 a\u00f1os, cuando en unas vacaciones en el Pac\u00edfico Central, qued\u00f3 encantado con la belleza del pa\u00eds. Stephen posee una vasta experiencia en el \u00e1mbito de cocinas y ba\u00f1os de lujo; habiendo comenzado y administrado varias empresas de ebanister\u00eda y compa\u00f1\u00edas de mobiliaria en los Estados Unidos. Una insaciable \u00e9tica de trabajo, un fuerte sentido de servicio y una obsesiva atenci\u00f3n  a los detalles, le han ayudado al \u00e9xito en muchos roles, incluyendo dise\u00f1o, ingenier\u00eda, producci\u00f3n e instalaci\u00f3n de mobiliario.\nAhora como residente de Costa Rica, est\u00e1 muy emocionado por compartir su pasi\u00f3n por el dise\u00f1o y confecci\u00f3n de piezas con maderas nativas de la zona.<\/p><\/div>        <\/div>\n        \n        <\/div><\/div><\/div><div class=\"wpb_column vc_column_container vc_col-sm-2\"><div class=\"vc_column-inner\" ><div class=\"wpb_wrapper\"><\/div><\/div><\/div><div class=\"wpb_animate_when_almost_visible wpb_fadeInUp fadeInUp wpb_column vc_column_container vc_col-sm-8\"><div class=\"vc_column-inner\" ><div class=\"wpb_wrapper\">\n        <style>\n            .empty-space.es-2107770635{ \n                height:50px; \n            }\n                    <\/style>\n\n        <div class=\"empty-space es-2107770635\"><\/div>\n        \n        <\/div><\/div><\/div><div class=\"wpb_column vc_column_container vc_col-sm-2\"><div class=\"vc_column-inner\" ><div class=\"wpb_wrapper\"><\/div><\/div><\/div><\/div><div class=\"vc_row-full-width vc_clearfix\"><\/div><div data-vc-full-width=\"true\" data-vc-full-width-init=\"false\" class=\"vc_row wpb_row vc_row-fluid vc_custom_1666640756643 vc_row-has-fill vc_row-o-content-middle vc_row-flex parallax\" ><div class=\"wpb_animate_when_almost_visible wpb_fadeInLeft fadeInLeft wpb_column vc_column_container vc_col-sm-6\"><div class=\"vc_column-inner\" ><div class=\"wpb_wrapper\">\n        <style>\n            .custom-text.ct-1290013527 .title *, \n            .custom-text.ct-1290013527 .title * a{ \n                 \n                color:#d9d9d9;                                            }\n            .custom-text.ct-1290013527 .title *:hover, \n            .custom-text.ct-1290013527 .title *:hover a{ \n                            }\n\n            .custom-text.ct-1290013527 .title * a:after{\n                background-color:#d9d9d9;            }\n            \n            \n            .custom-text.ct-1290013527 .title *{ \n                letter-spacing: 2.42px;            } \n           \n        <\/style>\n\n        <div class=\"custom-text ct-1290013527   vc_custom_1667602609955\">\n            <div class=\"title\"><h2>Conozca a la Tica<\/h2><\/div>        <\/div>\n        \n        \n        <style>\n            .custom-text.ct-2075784690 .title *, \n            .custom-text.ct-2075784690 .title * a{ \n                 \n                color:#ffffff;                                            }\n            .custom-text.ct-2075784690 .title *:hover, \n            .custom-text.ct-2075784690 .title *:hover a{ \n                            }\n\n            .custom-text.ct-2075784690 .title * a:after{\n                background-color:#ffffff;            }\n            \n            \n            .custom-text.ct-2075784690 .title *{ \n                            } \n           \n        <\/style>\n\n        <div class=\"custom-text ct-2075784690\">\n            <div class=\"title\"><p>Tingo equivale a Tica +Gringo. No estar\u00edamos aqu\u00ed sin el encanto y conocimiento de su co- fundadora, Priscilla Carranza. Por a\u00f1os, Priscilla fue co-due\u00f1a de una empresa desarrolladora en Costa Rica. Dicha empresa, fue responsable del desarrollo de muy conocidos resorts y proyectos urban\u00edsticos. Sus relaciones interpersonales y destreza en el manejo de negocios son imprescindibles en las operaciones de StudioTingo. Estar casada con el mencionado Gringo? Bueno, creemos que se obtiene lo mejor de ambos mundos!<\/p><\/div>        <\/div>\n        \n        <\/div><\/div><\/div><div class=\"wpb_animate_when_almost_visible wpb_fadeInRight fadeInRight wpb_column vc_column_container vc_col-sm-6\"><div class=\"vc_column-inner\" ><div class=\"wpb_wrapper\">\n\t<div  class=\"wpb_single_image wpb_content_element vc_align_left\">\n\t\t\n\t\t<figure class=\"wpb_wrapper vc_figure\">\n\t\t\t<div class=\"vc_single_image-wrapper   vc_box_border_grey\"><img loading=\"lazy\" decoding=\"async\" width=\"1536\" height=\"1536\" src=\"https:\/\/studiotingocr.com\/wp-content\/uploads\/2022\/07\/53536618_10218842011265561_8125207456851689472_o.jpg\" class=\"vc_single_image-img attachment-full\" alt=\"\" title=\"53536618_10218842011265561_8125207456851689472_o\" srcset=\"https:\/\/studiotingocr.com\/wp-content\/uploads\/2022\/07\/53536618_10218842011265561_8125207456851689472_o.jpg 1536w, https:\/\/studiotingocr.com\/wp-content\/uploads\/2022\/07\/53536618_10218842011265561_8125207456851689472_o-300x300.jpg 300w, https:\/\/studiotingocr.com\/wp-content\/uploads\/2022\/07\/53536618_10218842011265561_8125207456851689472_o-1024x1024.jpg 1024w, https:\/\/studiotingocr.com\/wp-content\/uploads\/2022\/07\/53536618_10218842011265561_8125207456851689472_o-150x150.jpg 150w, https:\/\/studiotingocr.com\/wp-content\/uploads\/2022\/07\/53536618_10218842011265561_8125207456851689472_o-768x768.jpg 768w, https:\/\/studiotingocr.com\/wp-content\/uploads\/2022\/07\/53536618_10218842011265561_8125207456851689472_o-12x12.jpg 12w, https:\/\/studiotingocr.com\/wp-content\/uploads\/2022\/07\/53536618_10218842011265561_8125207456851689472_o-1200x1200.jpg 1200w, https:\/\/studiotingocr.com\/wp-content\/uploads\/2022\/07\/53536618_10218842011265561_8125207456851689472_o-600x600.jpg 600w, https:\/\/studiotingocr.com\/wp-content\/uploads\/2022\/07\/53536618_10218842011265561_8125207456851689472_o-363x363.jpg 363w\" sizes=\"(max-width: 709px) 85vw, (max-width: 909px) 67vw, (max-width: 1362px) 62vw, 840px\" \/><\/div>\n\t\t<\/figure>\n\t<\/div>\n<\/div><\/div><\/div><div class=\"wpb_column vc_column_container vc_col-sm-2\"><div class=\"vc_column-inner\" ><div class=\"wpb_wrapper\"><\/div><\/div><\/div><div class=\"wpb_animate_when_almost_visible wpb_fadeInUp fadeInUp wpb_column vc_column_container vc_col-sm-8\"><div class=\"vc_column-inner\" ><div class=\"wpb_wrapper\">\n        <style>\n            .empty-space.es-191911056{ \n                height:50px; \n            }\n                    <\/style>\n\n        <div class=\"empty-space es-191911056\"><\/div>\n        \n        <\/div><\/div><\/div><div class=\"wpb_column vc_column_container vc_col-sm-2\"><div class=\"vc_column-inner\" ><div class=\"wpb_wrapper\"><\/div><\/div><\/div><\/div><div class=\"vc_row-full-width vc_clearfix\"><\/div><div data-vc-full-width=\"true\" data-vc-full-width-init=\"false\" data-vc-stretch-content=\"true\" class=\"vc_row wpb_row vc_row-fluid wpb_animate_when_almost_visible wpb_fadeInUp fadeInUp\" ><div class=\"wpb_column vc_column_container vc_col-sm-12\"><div class=\"vc_column-inner\" ><div class=\"wpb_wrapper\"><\/div><\/div><\/div><div class=\"wpb_column vc_column_container vc_col-sm-12\"><div class=\"vc_column-inner\" ><div class=\"wpb_wrapper\"><\/div><\/div><\/div><\/div><div class=\"vc_row-full-width vc_clearfix\"><\/div>\n<\/div>","protected":false},"excerpt":{"rendered":"ABOUT US My life in the kitchen and bath industry, like many others, began from a need.\u00a0 More than 25 years ago I was a general contractor doing large renovations and new home construction in the US.\u00a0 We often experienced delays and issues with our cabinet providers.\u00a0 To solve this, I decided to open a &hellip; <a href=\"https:\/\/studiotingocr.com\/es\/about-us\/\" class=\"more-link\">Continue reading<span class=\"screen-reader-text\"> \"About Us\"<\/span><\/a>","protected":false},"author":1,"featured_media":0,"parent":0,"menu_order":0,"comment_status":"closed","ping_status":"closed","template":"","meta":{"footnotes":"","_joinchat":[]},"yoast_head":"<!-- This site is optimized with the Yoast SEO plugin v21.8 - https:\/\/yoast.com\/wordpress\/plugins\/seo\/ -->\n<title>About Us - StudioTingo<\/title>\n<meta name=\"robots\" content=\"index, follow, max-snippet:-1, max-image-preview:large, max-video-preview:-1\" \/>\n<link rel=\"canonical\" href=\"https:\/\/studiotingocr.com\/es\/about-us\/\" \/>\n<meta property=\"og:locale\" content=\"es_ES\" \/>\n<meta property=\"og:type\" content=\"article\" \/>\n<meta property=\"og:title\" content=\"About Us - StudioTingo\" \/>\n<meta property=\"og:url\" content=\"https:\/\/studiotingocr.com\/es\/about-us\/\" \/>\n<meta property=\"og:site_name\" content=\"StudioTingo\" \/>\n<meta property=\"article:modified_time\" content=\"2026-01-10T19:03:38+00:00\" \/>\n<meta name=\"twitter:card\" content=\"summary_large_image\" \/>\n<meta name=\"twitter:label1\" content=\"Est. reading time\" \/>\n\t<meta name=\"twitter:data1\" content=\"4 minutos\" \/>\n<script type=\"application\/ld+json\" class=\"yoast-schema-graph\">{\"@context\":\"https:\/\/schema.org\",\"@graph\":[{\"@type\":\"WebPage\",\"@id\":\"https:\/\/studiotingocr.com\/about-us\/\",\"url\":\"https:\/\/studiotingocr.com\/about-us\/\",\"name\":\"About Us - StudioTingo\",\"isPartOf\":{\"@id\":\"https:\/\/studiotingocr.com\/#website\"},\"datePublished\":\"2017-03-31T16:43:03+00:00\",\"dateModified\":\"2026-01-10T19:03:38+00:00\",\"breadcrumb\":{\"@id\":\"https:\/\/studiotingocr.com\/about-us\/#breadcrumb\"},\"inLanguage\":\"es-CR\",\"potentialAction\":[{\"@type\":\"ReadAction\",\"target\":[\"https:\/\/studiotingocr.com\/about-us\/\"]}]},{\"@type\":\"BreadcrumbList\",\"@id\":\"https:\/\/studiotingocr.com\/about-us\/#breadcrumb\",\"itemListElement\":[{\"@type\":\"ListItem\",\"position\":1,\"name\":\"Home\",\"item\":\"https:\/\/studiotingocr.com\/\"},{\"@type\":\"ListItem\",\"position\":2,\"name\":\"About Us\"}]},{\"@type\":\"WebSite\",\"@id\":\"https:\/\/studiotingocr.com\/#website\",\"url\":\"https:\/\/studiotingocr.com\/\",\"name\":\"StudioTingo\",\"description\":\"\",\"potentialAction\":[{\"@type\":\"SearchAction\",\"target\":{\"@type\":\"EntryPoint\",\"urlTemplate\":\"https:\/\/studiotingocr.com\/?s={search_term_string}\"},\"query-input\":\"required name=search_term_string\"}],\"inLanguage\":\"es-CR\"}]}<\/script>\n<!-- \/ Yoast SEO plugin. -->","yoast_head_json":{"title":"About Us - StudioTingo","robots":{"index":"index","follow":"follow","max-snippet":"max-snippet:-1","max-image-preview":"max-image-preview:large","max-video-preview":"max-video-preview:-1"},"canonical":"https:\/\/studiotingocr.com\/es\/about-us\/","og_locale":"es_ES","og_type":"article","og_title":"About Us - StudioTingo","og_url":"https:\/\/studiotingocr.com\/es\/about-us\/","og_site_name":"StudioTingo","article_modified_time":"2026-01-10T19:03:38+00:00","twitter_card":"summary_large_image","twitter_misc":{"Est. reading time":"4 minutos"},"schema":{"@context":"https:\/\/schema.org","@graph":[{"@type":"WebPage","@id":"https:\/\/studiotingocr.com\/about-us\/","url":"https:\/\/studiotingocr.com\/about-us\/","name":"About Us - StudioTingo","isPartOf":{"@id":"https:\/\/studiotingocr.com\/#website"},"datePublished":"2017-03-31T16:43:03+00:00","dateModified":"2026-01-10T19:03:38+00:00","breadcrumb":{"@id":"https:\/\/studiotingocr.com\/about-us\/#breadcrumb"},"inLanguage":"es-CR","potentialAction":[{"@type":"ReadAction","target":["https:\/\/studiotingocr.com\/about-us\/"]}]},{"@type":"BreadcrumbList","@id":"https:\/\/studiotingocr.com\/about-us\/#breadcrumb","itemListElement":[{"@type":"ListItem","position":1,"name":"Home","item":"https:\/\/studiotingocr.com\/"},{"@type":"ListItem","position":2,"name":"About Us"}]},{"@type":"WebSite","@id":"https:\/\/studiotingocr.com\/#website","url":"https:\/\/studiotingocr.com\/","name":"StudioTingo","description":"","potentialAction":[{"@type":"SearchAction","target":{"@type":"EntryPoint","urlTemplate":"https:\/\/studiotingocr.com\/?s={search_term_string}"},"query-input":"required name=search_term_string"}],"inLanguage":"es-CR"}]}},"_links":{"self":[{"href":"https:\/\/studiotingocr.com\/es\/wp-json\/wp\/v2\/pages\/11"}],"collection":[{"href":"https:\/\/studiotingocr.com\/es\/wp-json\/wp\/v2\/pages"}],"about":[{"href":"https:\/\/studiotingocr.com\/es\/wp-json\/wp\/v2\/types\/page"}],"author":[{"embeddable":true,"href":"https:\/\/studiotingocr.com\/es\/wp-json\/wp\/v2\/users\/1"}],"replies":[{"embeddable":true,"href":"https:\/\/studiotingocr.com\/es\/wp-json\/wp\/v2\/comments?post=11"}],"version-history":[{"count":53,"href":"https:\/\/studiotingocr.com\/es\/wp-json\/wp\/v2\/pages\/11\/revisions"}],"predecessor-version":[{"id":877,"href":"https:\/\/studiotingocr.com\/es\/wp-json\/wp\/v2\/pages\/11\/revisions\/877"}],"wp:attachment":[{"href":"https:\/\/studiotingocr.com\/es\/wp-json\/wp\/v2\/media?parent=11"}],"curies":[{"name":"wp","href":"https:\/\/api.w.org\/{rel}","templated":true}]}}